{"id":706,"date":"2023-12-12T23:42:03","date_gmt":"2023-12-12T22:42:03","guid":{"rendered":"https:\/\/compagnie-aller-vers.com\/?page_id=706"},"modified":"2023-12-13T00:02:56","modified_gmt":"2023-12-12T23:02:56","slug":"gabriel-melendez-nebot","status":"publish","type":"page","link":"https:\/\/compagnie-aller-vers.com\/?page_id=706","title":{"rendered":"Gabriel Melendez-Nebot"},"content":{"rendered":"\n<div class=\"wp-block-columns alignwide are-vertically-aligned-top\">\n<div class=\"wp-block-column\" style=\"flex-basis:50%\">\n<figure class=\"wp-block-image\"><img loading=\"lazy\" width=\"682\" height=\"1024\" src=\"https:\/\/compagnie-aller-vers.com\/wp-content\/uploads\/2023\/12\/gabriel-682x1024.jpg\" alt=\"\" class=\"wp-image-707\" srcset=\"https:\/\/compagnie-aller-vers.com\/wp-content\/uploads\/2023\/12\/gabriel-682x1024.jpg 682w, https:\/\/compagnie-aller-vers.com\/wp-content\/uploads\/2023\/12\/gabriel-200x300.jpg 200w, https:\/\/compagnie-aller-vers.com\/wp-content\/uploads\/2023\/12\/gabriel-768x1154.jpg 768w, https:\/\/compagnie-aller-vers.com\/wp-content\/uploads\/2023\/12\/gabriel-1023x1536.jpg 1023w, https:\/\/compagnie-aller-vers.com\/wp-content\/uploads\/2023\/12\/gabriel-1364x2048.jpg 1364w, https:\/\/compagnie-aller-vers.com\/wp-content\/uploads\/2023\/12\/gabriel-scaled.jpg 1704w\" sizes=\"(max-width: 682px) 100vw, 682px\" \/><\/figure>\n\n\n\n<figure class=\"wp-block-image size-full\"><img loading=\"lazy\" width=\"1024\" height=\"1534\" src=\"https:\/\/compagnie-aller-vers.com\/wp-content\/uploads\/2023\/11\/DAN_2104-2-e1700931244237.jpg\" alt=\"\" class=\"wp-image-611\"\/><figcaption>Cr\u00e9dit photo R\u00e9gis Grosclaude<\/figcaption><\/figure>\n\n\n\n<figure class=\"wp-block-image size-full\"><img loading=\"lazy\" width=\"1534\" height=\"1024\" src=\"https:\/\/compagnie-aller-vers.com\/wp-content\/uploads\/2023\/11\/DAN_1990-e1700931315892.jpg\" alt=\"\" class=\"wp-image-604\"\/><figcaption>Cr\u00e9dit photo R\u00e9gis Grosclaude<\/figcaption><\/figure>\n<\/div>\n\n\n\n<div class=\"wp-block-column\" style=\"flex-basis:50%\">\n<p>25 ans de pratique assidue du judo et du jujitsu dont 10 ann\u00e9es d&rsquo;enseignement, m&rsquo;ont appris l&rsquo;art de l&rsquo;adaptation et de l&rsquo;utilisation intelligente de l&rsquo;\u00e9nergie. En 2011 je rencontre la danse, l&rsquo;improvisation et surtout le contact improvisation. Je tombe dedans comme dans une \u00e9vidence, je retrouve dans ces arts ce que j&rsquo;aime profond\u00e9ment, la pr\u00e9sence \u00e0 l&rsquo;instant, au rythme et \u00e0 l&rsquo;ajustement permanent au mouvement de soi, d&rsquo;un autre, des autres.&nbsp;<\/p>\n\n\n\n<p>Gr\u00e2ce \u00e0 des \u00ab&nbsp;enSeigneures&nbsp;\u00bb tels que Kirsten Debrock, Hugo Giordano, Gypsy David, Mandoline Whittlesey, Florence Bernad, L\u00e9onardo Montechia, Lorenzo Dalai, Matthieu Gaudeau, Otto Akkanen, Emmanuel Grivet, Isabelle Uski, Elsa Decaudin, Anne Lopez et Christian Bourigault, j&rsquo;affine ma comp\u00e9tence \u00e0 dialoguer par le corps en utilisant les langages du mouvement.<\/p>\n\n\n\n<p>Plus tard la d\u00e9couverte du Body Mind Centering avec Mandoline Withlesey, Alex Guex et Anne Expert va \u00e9clairer mon approche du contact improvisation d&rsquo;une mani\u00e8re somatique. Mon jeu de mouvement va s&rsquo;enrichir d&rsquo;une connexion plus fine \u00e0 mes syst\u00e8mes corporels. Dor\u00e9navant mes organes me bougent autant que je les bouge, toutes les composantes de mon corps sont pr\u00e9sentes\/agissantes dans l&rsquo;instant. Encore Mandoline Whittlesey me fait ensuite d\u00e9couvrir la force du mouvement authentique, une pratique qui devient essentielle dans l&rsquo;ouverture de l\u2019\u00e9ventail de mon monde int\u00e9rieur et de son expression. Je change de posture, je passe de \u00abspectateur\u00bb de l&rsquo;exp\u00e9rience \u00e0 \u00abt\u00e9moin\u00bb du v\u00e9cu et ressenti de ma propre exp\u00e9rience. J&rsquo;observe ce qui est pr\u00e9sent en moi et autour de moi, ce que je bouge et ce qui me bouge, comment cela m&rsquo;affecte et comment je l&rsquo;exprime au monde qui est lui m\u00eame t\u00e9moin de tout ce processus de mouvements de conscience en conscience.<\/p>\n\n\n\n<p>Alors voil\u00e0&nbsp;! Il est enfin temps de malaxer toutes les mati\u00e8res, de corps, de langages, d&rsquo;installations, de r\u00e9cits et de contes, d&rsquo;images, de performances dans l&rsquo;espace public, de modulations et de variations, de compositions, de je(ux), de nous, de relations, de conscience et d&rsquo;inconscience, de mouvements, d\u2019improvisations, de structures, de forces de la nature et de la culture, d&rsquo;\u00e9cologie du genre humain et de l&rsquo;amour&#8230; dans des formes partag\u00e9es de transmutations artistiques de nos relations politiques aux humains et aux non-humains, pour constater que nous sommes bien vivant, que quelque chose se passe, que nous changeons.<\/p>\n<\/div>\n<\/div>\n","protected":false},"excerpt":{"rendered":"<p>25 ans de pratique assidue du judo et du jujitsu dont 10 ann\u00e9es d&rsquo;enseignement, m&rsquo;ont appris l&rsquo;art de l&rsquo;adaptation et de l&rsquo;utilisation<\/p>\n<p class=\"link-more\"><a class=\"myButt \" href=\"https:\/\/compagnie-aller-vers.com\/?page_id=706\">Lire plus &#8230;<\/a><\/p>\n","protected":false},"author":1,"featured_media":0,"parent":0,"menu_order":0,"comment_status":"closed","ping_status":"closed","template":"","meta":[],"_links":{"self":[{"href":"https:\/\/compagnie-aller-vers.com\/index.php?rest_route=\/wp\/v2\/pages\/706"}],"collection":[{"href":"https:\/\/compagnie-aller-vers.com\/index.php?rest_route=\/wp\/v2\/pages"}],"about":[{"href":"https:\/\/compagnie-aller-vers.com\/index.php?rest_route=\/wp\/v2\/types\/page"}],"author":[{"embeddable":true,"href":"https:\/\/compagnie-aller-vers.com\/index.php?rest_route=\/wp\/v2\/users\/1"}],"replies":[{"embeddable":true,"href":"https:\/\/compagnie-aller-vers.com\/index.php?rest_route=%2Fwp%2Fv2%2Fcomments&post=706"}],"version-history":[{"count":5,"href":"https:\/\/compagnie-aller-vers.com\/index.php?rest_route=\/wp\/v2\/pages\/706\/revisions"}],"predecessor-version":[{"id":720,"href":"https:\/\/compagnie-aller-vers.com\/index.php?rest_route=\/wp\/v2\/pages\/706\/revisions\/720"}],"wp:attachment":[{"href":"https:\/\/compagnie-aller-vers.com\/index.php?rest_route=%2Fwp%2Fv2%2Fmedia&parent=706"}],"curies":[{"name":"wp","href":"https:\/\/api.w.org\/{rel}","templated":true}]}}