{"id":216,"date":"2023-05-19T18:17:24","date_gmt":"2023-05-19T16:17:24","guid":{"rendered":"https:\/\/compagnie-aller-vers.com\/?page_id=216"},"modified":"2023-05-19T18:17:24","modified_gmt":"2023-05-19T16:17:24","slug":"marjorie-gouzy","status":"publish","type":"page","link":"https:\/\/compagnie-aller-vers.com\/?page_id=216","title":{"rendered":"Marjorie Gouzy"},"content":{"rendered":"\n<br>\n\n\n\n<div class=\"wp-block-columns alignwide\">\n<div class=\"wp-block-column\" style=\"flex-basis:50%\">\n<figure class=\"wp-block-image is-resized\"><img loading=\"lazy\" src=\"https:\/\/compagnie-aller-vers.com\/wp-content\/uploads\/2023\/05\/131.jpg\" alt=\"\" class=\"wp-image-111\" width=\"402\" height=\"604\"\/><figcaption>Cr\u00e9dit photo Emmanuelle Latour<\/figcaption><\/figure>\n\n\n\n<figure class=\"wp-block-image size-full\"><img loading=\"lazy\" width=\"682\" height=\"454\" src=\"https:\/\/compagnie-aller-vers.com\/wp-content\/uploads\/2023\/05\/image.jpg\" alt=\"\" class=\"wp-image-113\"\/><figcaption>Cr\u00e9dit photo R\u00e9gis Grosclaude<\/figcaption><\/figure>\n\n\n\n<figure class=\"wp-block-image size-full\"><img loading=\"lazy\" width=\"682\" height=\"1024\" src=\"https:\/\/compagnie-aller-vers.com\/wp-content\/uploads\/2023\/05\/1525729748.jpg\" alt=\"\" class=\"wp-image-114\"\/><figcaption><meta charset=\"utf-8\">Cr\u00e9dit photo R\u00e9gis Grosclaude<\/figcaption><\/figure>\n<\/div>\n\n\n\n<div class=\"wp-block-column\" style=\"flex-basis:50%\">\n<p>Professeure d&rsquo;EPS, Marjorie rencontre le Contact Improvisation (CI) \u00e0 Montpellier en 2003 avec Mandoline Whittlesey et voue une grande partie de son temps \u00e0 arpenter la France et l&rsquo;Europe en qu\u00eate d&rsquo;enseignements et de pratiques. Elle va \u00e0 la rencontre des pr\u00e9curseurs (Nancy Stark Smith, Andrew de La Lombini\u00e8re, Patricia Kuypers, Ray Chung) et a une grande soif d&rsquo;apprendre.<\/p>\n\n\n\n<p>Elle commence \u00e0 transmettre le fruit de ses recherche \u00e0 partir de 2008.<\/p>\n\n\n\n<p>Elle contribue au d\u00e9veloppement du CI \u00e0 Montpellier pendant 10 ans avec la co-cr\u00e9ation de l&rsquo;association \u00ab\u00a0Des Li\u00e9s\u00a0\u00bb en organisant des stages, jam, cours r\u00e9guliers.<\/p>\n\n\n\n<p>En arrivant dans le Minervois en 2010, elle poursuit son chemin artistique avec la volont\u00e9 de d\u00e9velopper la pratique du CI en milieu rural en organisant des cours r\u00e9guliers, des stages et des festivals : \u00ab\u00a0le petit festival de Cravirola\u00a0\u00bb en 2013 et 2015 , les \u00e9ditions de \u00ab\u00a0Danseruna\u00a0\u00bb de 2018 \u00e0 2025 avec les associations \u00ab\u00a0Clapas\u00a0\u00bb (2010 \u00e0 2017) puis \u00ab\u00a0Abondanse\u00a0\u00bb cr\u00e9\u00e9e avec K\u00e9zia Giry (2017 \u00e0 aujourd&rsquo;hui).<\/p>\n\n\n\n<p>Actuellement, elle interroge de plus en plus le m\u00e9tissage des danse avec l&rsquo;organisation collective d&rsquo;espaces de rencontre entre le contact improvisation, le folk (Folk&rsquo;contact) et le tango (Danseruna) et la recherche p\u00e9dagogique sur les ponts entre le contact impro et le folk.<\/p>\n\n\n\n<p>Depuis 2020, elle oriente son chemin vers la cr\u00e9ation et l&rsquo;interpr\u00e9tation de spectacles dans la Cie \u00ab\u00a0Marie-Louise Bouillonne\u00a0\u00bb avec Mathilde Duclaux et R\u00e9my Tatard dans \u00ab\u00a0Fauve\u00a0\u00bb, avec la Cie de cirque \u00ab\u00a0les AJT\u00a0\u00bb dans \u00ab\u00a0Vinha\u00a0\u00bb.<\/p>\n\n\n\n<p>Sa recherche interroge l&rsquo;\u00e9criture chor\u00e9graphique du contact improvisation et de la danse voltige.<\/p>\n\n\n\n<p>Elle participe \u00e0 la cr\u00e9ation de la compagnie \u00ab\u00a0Aller vers\u00a0\u00bb en 2023 avec le soutien de Guillaume de Bailliencourt et Luc Br\u00e9maud pour poursuivre cette recherche sc\u00e9nique \u00e0 travers d&rsquo;autres projets de cr\u00e9ation. En 2025, la compagnie sort le spectacle \u00ab\u00a0<a href=\"https:\/\/compagnie-aller-vers.com\/?page_id=137\" data-type=\"page\" data-id=\"137\">Ce que nos peaux ont \u00e0 se dire<\/a>\u00a0\u00bb m\u00ealant danse, po\u00e9sie et musique; Marjorie cr\u00e9e ce projet avec <a href=\"https:\/\/compagnie-aller-vers.com\/?page_id=706\" data-type=\"page\" data-id=\"706\">Gabriel M\u00e9lendez-Nebot<\/a> et <a href=\"https:\/\/compagnie-aller-vers.com\/?page_id=927\" data-type=\"page\" data-id=\"927\">Adrien Nuguet<\/a>.<\/p>\n\n\n\n<p>Le moteur de ce chemin est son go\u00fbt in\u00e9puisable pour le mouvement, pour la rencontre entre les \u00eatres vivants vibrants. Danser, encore danser, toujours danser&#8230; dans la grande joie d&rsquo;inventer et de nourrir des liens et des espaces de libert\u00e9.<\/p>\n\n\n\n<br>\n\n\n\n<p><a rel=\"noreferrer noopener\" href=\"https:\/\/abondansecontactimpro.jimdofree.com\/\" target=\"_blank\">Abondanse<\/a> <span class=\"dashicons dashicons-migrate\"><\/span><\/p>\n\n\n\n<p><a href=\"https:\/\/ciemarielouisebouillonne.fr\/index.php\/fauve\/\" target=\"_blank\" rel=\"noreferrer noopener\">Fauve <\/a><span class=\"dashicons dashicons-migrate\"><\/span><\/p>\n\n\n\n<p><a href=\"https:\/\/www.youtube.com\/watch?v=tM2X7CzeCHM\" target=\"_blank\" rel=\"noreferrer noopener\">Le petit festival de Cravirola<\/a> <span class=\"dashicons dashicons-migrate\"><\/span><\/p>\n<\/div>\n<\/div>\n","protected":false},"excerpt":{"rendered":"","protected":false},"author":1,"featured_media":0,"parent":0,"menu_order":0,"comment_status":"closed","ping_status":"closed","template":"","meta":[],"_links":{"self":[{"href":"https:\/\/compagnie-aller-vers.com\/index.php?rest_route=\/wp\/v2\/pages\/216"}],"collection":[{"href":"https:\/\/compagnie-aller-vers.com\/index.php?rest_route=\/wp\/v2\/pages"}],"about":[{"href":"https:\/\/compagnie-aller-vers.com\/index.php?rest_route=\/wp\/v2\/types\/page"}],"author":[{"embeddable":true,"href":"https:\/\/compagnie-aller-vers.com\/index.php?rest_route=\/wp\/v2\/users\/1"}],"replies":[{"embeddable":true,"href":"https:\/\/compagnie-aller-vers.com\/index.php?rest_route=%2Fwp%2Fv2%2Fcomments&post=216"}],"version-history":[{"count":2,"href":"https:\/\/compagnie-aller-vers.com\/index.php?rest_route=\/wp\/v2\/pages\/216\/revisions"}],"predecessor-version":[{"id":229,"href":"https:\/\/compagnie-aller-vers.com\/index.php?rest_route=\/wp\/v2\/pages\/216\/revisions\/229"}],"wp:attachment":[{"href":"https:\/\/compagnie-aller-vers.com\/index.php?rest_route=%2Fwp%2Fv2%2Fmedia&parent=216"}],"curies":[{"name":"wp","href":"https:\/\/api.w.org\/{rel}","templated":true}]}}