{"id":137,"date":"2023-05-19T14:16:19","date_gmt":"2023-05-19T12:16:19","guid":{"rendered":"https:\/\/compagnie-aller-vers.com\/?page_id=137"},"modified":"2025-12-05T09:40:22","modified_gmt":"2025-12-05T08:40:22","slug":"spectacles","status":"publish","type":"page","link":"https:\/\/compagnie-aller-vers.com\/?page_id=137","title":{"rendered":"Spectacles"},"content":{"rendered":"\n<p>La Compagnie \u00ab\u00a0Aller vers\u00a0\u00bb a pour vocation de produire des spectacles de danse en lien avec d&rsquo;autres arts tels que le th\u00e9\u00e2tre, les arts plastiques et la musique.<\/p>\n\n\n\n<div class=\"wp-block-columns\">\n<div class=\"wp-block-column\">\n<figure class=\"wp-block-image size-large\"><img loading=\"lazy\" width=\"1227\" height=\"765\" src=\"https:\/\/compagnie-aller-vers.com\/wp-content\/uploads\/2024\/09\/CQNPOASD_222222-edited-1.jpg\" alt=\"\" class=\"wp-image-1077\" srcset=\"https:\/\/compagnie-aller-vers.com\/wp-content\/uploads\/2024\/09\/CQNPOASD_222222-edited-1.jpg 1227w, https:\/\/compagnie-aller-vers.com\/wp-content\/uploads\/2024\/09\/CQNPOASD_222222-edited-1-300x187.jpg 300w, https:\/\/compagnie-aller-vers.com\/wp-content\/uploads\/2024\/09\/CQNPOASD_222222-edited-1-1024x638.jpg 1024w, https:\/\/compagnie-aller-vers.com\/wp-content\/uploads\/2024\/09\/CQNPOASD_222222-edited-1-768x479.jpg 768w\" sizes=\"(max-width: 1227px) 100vw, 1227px\" \/><\/figure>\n<\/div>\n\n\n\n<div class=\"wp-block-column\">\n<p class=\"has-text-align-center\" style=\"font-size:26px\"><strong>Cr\u00e9ation 2025<\/strong><\/p>\n\n\n\n<p class=\"has-text-align-center\" style=\"font-size:16px\">Tout public<\/br>40 min.<\/p>\n\n\n\n<p class=\"has-text-align-center has-medium-font-size\"><em>A<em>vec <a href=\"https:\/\/compagnie-aller-vers.com\/?page_id=216\" data-type=\"page\" data-id=\"216\">Marjorie Gouzy<\/a>, <a href=\"https:\/\/compagnie-aller-vers.com\/?page_id=706\" data-type=\"page\" data-id=\"706\">Gabriel Melendez-Nebot<\/a><em>&nbsp;et&nbsp;<a href=\"https:\/\/compagnie-aller-vers.com\/?page_id=927\">Adrien Nuguet<\/a><\/em>.<\/em><\/em><\/p><\/br>\n\n\n\n<div class=\"wp-block-buttons is-content-justification-center\">\n<div class=\"wp-block-button is-style-outline\"><a class=\"wp-block-button__link has-white-color has-vivid-cyan-blue-background-color has-text-color has-background\" href=\"https:\/\/compagnie-aller-vers.com\/wp-content\/uploads\/2025\/12\/CeQueNosPeauOntASeDire-CieAller-Vers-12-2025.pdf\" target=\"_blank\" rel=\"noreferrer noopener\">Dossier de pr\u00e9sentation<\/a><\/div>\n<\/div>\n<\/div>\n<\/div>\n\n\n\n<div class=\"wp-block-columns alignwide are-vertically-aligned-top\">\n<div class=\"wp-block-column is-vertically-aligned-top\" style=\"flex-basis:50%\">\n<div class=\"wp-block-image is-style-default\"><figure class=\"aligncenter\"><a href=\"https:\/\/compagnie-aller-vers.com\/wp-content\/uploads\/2023\/11\/DAN_1870-3-e1700931388803.jpg\"><img loading=\"lazy\" width=\"1024\" height=\"1534\" src=\"https:\/\/compagnie-aller-vers.com\/wp-content\/uploads\/2023\/11\/DAN_1870-3-e1700931388803.jpg\" alt=\"\" class=\"wp-image-599\"\/><\/a><\/figure><\/div>\n<\/div>\n\n\n\n<div class=\"wp-block-column is-vertically-aligned-top\" style=\"flex-basis:50%\">\n<div class=\"wp-block-columns\">\n<div class=\"wp-block-column\" style=\"flex-basis:100%\">\n<p>Partir de ce qui bouge en moi. Partir des corps qui sentent, chutent et s\u2019\u00e9meuvent. Raconter, depuis l\u2019int\u00e9rieur, comment na\u00eet cet \u00e9lan et puis le souligner, le faire tenir dans l\u2019air par la musique et la parole. Cr\u00e9er patiemment un lieu commun o\u00f9 se donne la chance de la rencontre. Partager enfin, avec tous nos sens, <b>CE QUE NOS PEAUX ONT \u00c0 SE DIRE<\/b>.\n<\/br>\n<\/br>\nEntre fr\u00f4lements, port\u00e9s et collisions, un dialogue dans\u00e9 se tisse entre les corps. Soutenus par un texte po\u00e9tique incarn\u00e9 et une partition m\u00ealant \u00e9criture chor\u00e9graphique et improvisation, le r\u00e9cit se d\u00e9ploie, explorant ces parts d\u2019ombre et de lumi\u00e8re que la rencontre met si souvent \u00e0 nu.<\/p>\n\n\n<\/div>\n<\/div>\n<\/div>\n<\/div>\n\n\n\n<figure class=\"wp-block-gallery columns-2\"><ul class=\"blocks-gallery-grid\"><li class=\"blocks-gallery-item\"><figure><a href=\"https:\/\/compagnie-aller-vers.com\/wp-content\/uploads\/2023\/11\/DAN_1878-e1700931375788.jpg\"><img loading=\"lazy\" width=\"1024\" height=\"1534\" src=\"https:\/\/compagnie-aller-vers.com\/wp-content\/uploads\/2023\/11\/DAN_1878-e1700931375788.jpg\" alt=\"\" data-id=\"600\" data-full-url=\"https:\/\/compagnie-aller-vers.com\/wp-content\/uploads\/2023\/11\/DAN_1878-e1700931375788.jpg\" data-link=\"https:\/\/compagnie-aller-vers.com\/?attachment_id=600\" class=\"wp-image-600\"\/><\/a><\/figure><\/li><li class=\"blocks-gallery-item\"><figure><a href=\"https:\/\/compagnie-aller-vers.com\/wp-content\/uploads\/2023\/11\/DAN_1912-2-e1700931361617.jpg\"><img loading=\"lazy\" width=\"1024\" height=\"1534\" src=\"https:\/\/compagnie-aller-vers.com\/wp-content\/uploads\/2023\/11\/DAN_1912-2-e1700931361617.jpg\" alt=\"\" data-id=\"601\" data-full-url=\"https:\/\/compagnie-aller-vers.com\/wp-content\/uploads\/2023\/11\/DAN_1912-2-e1700931361617.jpg\" data-link=\"https:\/\/compagnie-aller-vers.com\/?attachment_id=601\" class=\"wp-image-601\"\/><\/a><\/figure><\/li><li class=\"blocks-gallery-item\"><figure><a href=\"https:\/\/compagnie-aller-vers.com\/wp-content\/uploads\/2023\/11\/DAN_2219-e1700931296434.jpg\"><img loading=\"lazy\" width=\"1024\" height=\"1534\" src=\"https:\/\/compagnie-aller-vers.com\/wp-content\/uploads\/2023\/11\/DAN_2219-e1700931296434.jpg\" alt=\"\" data-id=\"605\" data-full-url=\"https:\/\/compagnie-aller-vers.com\/wp-content\/uploads\/2023\/11\/DAN_2219-e1700931296434.jpg\" data-link=\"https:\/\/compagnie-aller-vers.com\/?attachment_id=605\" class=\"wp-image-605\"\/><\/a><\/figure><\/li><li class=\"blocks-gallery-item\"><figure><a href=\"https:\/\/compagnie-aller-vers.com\/wp-content\/uploads\/2023\/11\/DAN_2679-3-e1700931280320.jpg\"><img loading=\"lazy\" width=\"1024\" height=\"1534\" src=\"https:\/\/compagnie-aller-vers.com\/wp-content\/uploads\/2023\/11\/DAN_2679-3-e1700931280320.jpg\" alt=\"\" data-id=\"606\" data-full-url=\"https:\/\/compagnie-aller-vers.com\/wp-content\/uploads\/2023\/11\/DAN_2679-3-e1700931280320.jpg\" data-link=\"https:\/\/compagnie-aller-vers.com\/?attachment_id=606\" class=\"wp-image-606\"\/><\/a><\/figure><\/li><li class=\"blocks-gallery-item\"><figure><a href=\"https:\/\/compagnie-aller-vers.com\/wp-content\/uploads\/2023\/11\/DAN_1934-e1700931344238.jpg\"><img loading=\"lazy\" width=\"1534\" height=\"1024\" src=\"https:\/\/compagnie-aller-vers.com\/wp-content\/uploads\/2023\/11\/DAN_1934-e1700931344238.jpg\" alt=\"\" data-id=\"602\" data-full-url=\"https:\/\/compagnie-aller-vers.com\/wp-content\/uploads\/2023\/11\/DAN_1934-e1700931344238.jpg\" data-link=\"https:\/\/compagnie-aller-vers.com\/?attachment_id=602\" class=\"wp-image-602\"\/><\/a><\/figure><\/li><li class=\"blocks-gallery-item\"><figure><a href=\"https:\/\/compagnie-aller-vers.com\/wp-content\/uploads\/2023\/11\/DAN_1959-e1700931330109.jpg\"><img loading=\"lazy\" width=\"1534\" height=\"1024\" src=\"https:\/\/compagnie-aller-vers.com\/wp-content\/uploads\/2023\/11\/DAN_1959-e1700931330109.jpg\" alt=\"\" data-id=\"603\" data-full-url=\"https:\/\/compagnie-aller-vers.com\/wp-content\/uploads\/2023\/11\/DAN_1959-e1700931330109.jpg\" data-link=\"https:\/\/compagnie-aller-vers.com\/?attachment_id=603\" class=\"wp-image-603\"\/><\/a><\/figure><\/li><li class=\"blocks-gallery-item\"><figure><a href=\"https:\/\/compagnie-aller-vers.com\/wp-content\/uploads\/2023\/11\/DAN_2705-e1700931264343.jpg\"><img loading=\"lazy\" width=\"1024\" height=\"1534\" src=\"https:\/\/compagnie-aller-vers.com\/wp-content\/uploads\/2023\/11\/DAN_2705-e1700931264343.jpg\" alt=\"\" data-id=\"607\" data-full-url=\"https:\/\/compagnie-aller-vers.com\/wp-content\/uploads\/2023\/11\/DAN_2705-e1700931264343.jpg\" data-link=\"https:\/\/compagnie-aller-vers.com\/?attachment_id=607\" class=\"wp-image-607\"\/><\/a><\/figure><\/li><li class=\"blocks-gallery-item\"><figure><a href=\"https:\/\/compagnie-aller-vers.com\/wp-content\/uploads\/2023\/11\/DAN_2104-2-e1700931244237.jpg\"><img loading=\"lazy\" width=\"1024\" height=\"1534\" src=\"https:\/\/compagnie-aller-vers.com\/wp-content\/uploads\/2023\/11\/DAN_2104-2-e1700931244237.jpg\" alt=\"\" data-id=\"611\" data-full-url=\"https:\/\/compagnie-aller-vers.com\/wp-content\/uploads\/2023\/11\/DAN_2104-2-e1700931244237.jpg\" data-link=\"https:\/\/compagnie-aller-vers.com\/?attachment_id=611\" class=\"wp-image-611\"\/><\/a><\/figure><\/li><li class=\"blocks-gallery-item\"><figure><a href=\"https:\/\/compagnie-aller-vers.com\/wp-content\/uploads\/2023\/11\/DAN_1990-e1700931315892.jpg\"><img loading=\"lazy\" width=\"1534\" height=\"1024\" src=\"https:\/\/compagnie-aller-vers.com\/wp-content\/uploads\/2023\/11\/DAN_1990-e1700931315892.jpg\" alt=\"\" data-id=\"604\" data-full-url=\"https:\/\/compagnie-aller-vers.com\/wp-content\/uploads\/2023\/11\/DAN_1990-e1700931315892.jpg\" data-link=\"https:\/\/compagnie-aller-vers.com\/?attachment_id=604\" class=\"wp-image-604\"\/><\/a><\/figure><\/li><\/ul><\/figure>\n\n\n\n<p class=\"has-text-align-center has-small-font-size\">Cr\u00e9dit photos : <em><a rel=\"noreferrer noopener\" href=\"https:\/\/www.google.com\/search?q=%40regisgrosclaude\" target=\"_blank\">R\u00e9gis Grosclaude<\/a><\/em> <span class=\"dashicons dashicons-migrate\"><\/span><\/p>\n\n\n\n<br>\n\n\n\n<figure class=\"wp-block-embed is-type-video is-provider-youtube wp-block-embed-youtube wp-embed-aspect-16-9 wp-has-aspect-ratio\"><div class=\"wp-block-embed__wrapper\">\n<iframe src=\"https:\/\/www.youtube.com\/embed\/ixgi-U2TsGM?autoplay=0&amp;showinfo=0&amp;rel=0&amp;modestbranding=1&amp;loop=1&amp;playlist=ixgi-U2TsGM\" frameborder=\"0\" allowfullscreen=\"\"><\/iframe>\n<\/div><figcaption><\/figcaption><\/figure>\n\n\n\n<hr class=\"wp-block-separator\"\/>\n\n\n\n<div class=\"wp-block-columns\">\n<div class=\"wp-block-column\" style=\"flex-basis:100%\">\n<p class=\"has-text-align-center\">Coproduction et accueil en r\u00e9sidence par<br><strong>Montpellier M\u00e9diterran\u00e9e M\u00e9tropole<\/strong><\/p>\n<\/div>\n<\/div>\n\n\n\n<figure class=\"wp-block-table aligncenter is-style-stripes\"><table><tbody><tr><td><img src=\"https:\/\/compagnie-aller-vers.com\/wp-content\/uploads\/2024\/06\/Logo_Montpellier_Mediterranee_Metropole.svg_.png\" alt=\"\"><\/td><td><img src=\"https:\/\/compagnie-aller-vers.com\/wp-content\/uploads\/2024\/06\/Ville_de_Montpellier_logo.svg_.png\" alt=\"\"><\/td><\/tr><\/tbody><\/table><\/figure>\n\n\n\n<p class=\"has-text-align-center\">Avec le soutien financier de la<br><strong>Ville de Montpellier<\/strong><\/p>\n","protected":false},"excerpt":{"rendered":"<p>La Compagnie \u00ab\u00a0Aller vers\u00a0\u00bb a pour vocation de produire des spectacles de danse en lien avec d&rsquo;autres arts tels que le th\u00e9\u00e2tre,<\/p>\n<p class=\"link-more\"><a class=\"myButt \" href=\"https:\/\/compagnie-aller-vers.com\/?page_id=137\">Lire plus &#8230;<\/a><\/p>\n","protected":false},"author":2,"featured_media":0,"parent":0,"menu_order":0,"comment_status":"closed","ping_status":"closed","template":"","meta":[],"_links":{"self":[{"href":"https:\/\/compagnie-aller-vers.com\/index.php?rest_route=\/wp\/v2\/pages\/137"}],"collection":[{"href":"https:\/\/compagnie-aller-vers.com\/index.php?rest_route=\/wp\/v2\/pages"}],"about":[{"href":"https:\/\/compagnie-aller-vers.com\/index.php?rest_route=\/wp\/v2\/types\/page"}],"author":[{"embeddable":true,"href":"https:\/\/compagnie-aller-vers.com\/index.php?rest_route=\/wp\/v2\/users\/2"}],"replies":[{"embeddable":true,"href":"https:\/\/compagnie-aller-vers.com\/index.php?rest_route=%2Fwp%2Fv2%2Fcomments&post=137"}],"version-history":[{"count":171,"href":"https:\/\/compagnie-aller-vers.com\/index.php?rest_route=\/wp\/v2\/pages\/137\/revisions"}],"predecessor-version":[{"id":1528,"href":"https:\/\/compagnie-aller-vers.com\/index.php?rest_route=\/wp\/v2\/pages\/137\/revisions\/1528"}],"wp:attachment":[{"href":"https:\/\/compagnie-aller-vers.com\/index.php?rest_route=%2Fwp%2Fv2%2Fmedia&parent=137"}],"curies":[{"name":"wp","href":"https:\/\/api.w.org\/{rel}","templated":true}]}}